{"id":1474,"date":"2026-01-20T12:57:09","date_gmt":"2026-01-20T12:57:09","guid":{"rendered":"https:\/\/www.animaumbra.pl\/index.php\/video-2\/"},"modified":"2026-04-12T16:24:18","modified_gmt":"2026-04-12T16:24:18","slug":"video-2","status":"publish","type":"page","link":"https:\/\/www.animaumbra.pl\/index.php\/video-2\/","title":{"rendered":"Video"},"content":{"rendered":"\t\t<div data-elementor-type=\"wp-page\" data-elementor-id=\"1474\" class=\"elementor elementor-1474\">\n\t\t\t\t<div class=\"elementor-element elementor-element-11416b7 e-con-full e-flex e-con e-parent\" data-id=\"11416b7\" data-element_type=\"container\" data-e-type=\"container\" data-settings=\"{&quot;background_background&quot;:&quot;video&quot;,&quot;background_video_link&quot;:&quot;https:\\\/\\\/www.youtube.com\\\/watch?v=GalUoshL4Wc&quot;,&quot;background_play_on_mobile&quot;:&quot;yes&quot;,&quot;background_privacy_mode&quot;:&quot;yes&quot;,&quot;background_video_start&quot;:100,&quot;background_video_end&quot;:250}\">\n\t\t<div class=\"elementor-background-video-container\">\n\t\t\t\t\t\t\t<div class=\"elementor-background-video-embed\" role=\"presentation\"><\/div>\n\t\t\t\t\t\t<\/div>\t\t<\/div>\n\t\t<div class=\"elementor-element elementor-element-535ce76 e-flex e-con-boxed e-con e-parent\" data-id=\"535ce76\" data-element_type=\"container\" data-e-type=\"container\" data-settings=\"{&quot;background_background&quot;:&quot;video&quot;}\">\n\t\t\t\t\t<div class=\"e-con-inner\">\n\t\t\t\t<div class=\"elementor-element elementor-element-1bb4d73 elementor-widget elementor-widget-video\" data-id=\"1bb4d73\" data-element_type=\"widget\" data-e-type=\"widget\" data-settings=\"{&quot;youtube_url&quot;:&quot;https:\\\/\\\/www.youtube.com\\\/watch?v=ckPU6caZ1oo&quot;,&quot;video_type&quot;:&quot;youtube&quot;,&quot;controls&quot;:&quot;yes&quot;}\" data-widget_type=\"video.default\">\n\t\t\t\t\t\t\t<div class=\"elementor-wrapper elementor-open-inline\">\n\t\t\t<div class=\"elementor-video\"><\/div>\t\t<\/div>\n\t\t\t\t\t\t<\/div>\n\t\t\t\t\t<\/div>\n\t\t\t\t<\/div>\n\t\t<div class=\"elementor-element elementor-element-324d91c e-flex e-con-boxed e-con e-parent\" data-id=\"324d91c\" data-element_type=\"container\" data-e-type=\"container\" data-settings=\"{&quot;background_background&quot;:&quot;video&quot;}\">\n\t\t\t\t\t<div class=\"e-con-inner\">\n\t\t\t\t<div class=\"elementor-element elementor-element-8b66824 elementor-widget elementor-widget-video\" data-id=\"8b66824\" data-element_type=\"widget\" data-e-type=\"widget\" data-settings=\"{&quot;youtube_url&quot;:&quot;https:\\\/\\\/www.youtube.com\\\/watch?v=DK3hkdrXAfA&amp;t=210s&quot;,&quot;video_type&quot;:&quot;youtube&quot;,&quot;controls&quot;:&quot;yes&quot;}\" data-widget_type=\"video.default\">\n\t\t\t\t\t\t\t<div class=\"elementor-wrapper elementor-open-inline\">\n\t\t\t<div class=\"elementor-video\"><\/div>\t\t<\/div>\n\t\t\t\t\t\t<\/div>\n\t\t\t\t\t<\/div>\n\t\t\t\t<\/div>\n\t\t<div class=\"elementor-element elementor-element-cd1ea8b e-flex e-con-boxed e-con e-parent\" data-id=\"cd1ea8b\" data-element_type=\"container\" data-e-type=\"container\" data-settings=\"{&quot;background_background&quot;:&quot;video&quot;}\">\n\t\t\t\t\t<div class=\"e-con-inner\">\n\t\t\t\t<div class=\"elementor-element elementor-element-af5aacd elementor-widget elementor-widget-video\" data-id=\"af5aacd\" data-element_type=\"widget\" data-e-type=\"widget\" data-settings=\"{&quot;youtube_url&quot;:&quot;https:\\\/\\\/www.youtube.com\\\/watch?v=36KjBGhOxyA&quot;,&quot;video_type&quot;:&quot;youtube&quot;,&quot;controls&quot;:&quot;yes&quot;}\" data-widget_type=\"video.default\">\n\t\t\t\t\t\t\t<div class=\"elementor-wrapper elementor-open-inline\">\n\t\t\t<div class=\"elementor-video\"><\/div>\t\t<\/div>\n\t\t\t\t\t\t<\/div>\n\t\t\t\t\t<\/div>\n\t\t\t\t<\/div>\n\t\t<div class=\"elementor-element elementor-element-dcfddbd e-flex e-con-boxed e-con e-parent\" data-id=\"dcfddbd\" data-element_type=\"container\" data-e-type=\"container\" data-settings=\"{&quot;background_background&quot;:&quot;video&quot;}\">\n\t\t\t\t\t<div class=\"e-con-inner\">\n\t\t\t\t<div class=\"elementor-element elementor-element-93b9360 elementor-widget elementor-widget-video\" data-id=\"93b9360\" data-element_type=\"widget\" data-e-type=\"widget\" data-settings=\"{&quot;youtube_url&quot;:&quot;https:\\\/\\\/www.youtube.com\\\/watch?v=QFAt_P76ds0&amp;t=79s&quot;,&quot;video_type&quot;:&quot;youtube&quot;,&quot;controls&quot;:&quot;yes&quot;}\" data-widget_type=\"video.default\">\n\t\t\t\t\t\t\t<div class=\"elementor-wrapper elementor-open-inline\">\n\t\t\t<div class=\"elementor-video\"><\/div>\t\t<\/div>\n\t\t\t\t\t\t<\/div>\n\t\t\t\t\t<\/div>\n\t\t\t\t<\/div>\n\t\t<div class=\"elementor-element elementor-element-be6d272 e-flex e-con-boxed e-con e-parent\" data-id=\"be6d272\" data-element_type=\"container\" data-e-type=\"container\" data-settings=\"{&quot;background_background&quot;:&quot;video&quot;}\">\n\t\t\t\t\t<div class=\"e-con-inner\">\n\t\t\t\t<div class=\"elementor-element elementor-element-01e57e3 elementor-widget elementor-widget-video\" data-id=\"01e57e3\" data-element_type=\"widget\" data-e-type=\"widget\" data-settings=\"{&quot;youtube_url&quot;:&quot;https:\\\/\\\/www.youtube.com\\\/watch?v=GalUoshL4Wc&quot;,&quot;video_type&quot;:&quot;youtube&quot;,&quot;controls&quot;:&quot;yes&quot;}\" data-widget_type=\"video.default\">\n\t\t\t\t\t\t\t<div class=\"elementor-wrapper elementor-open-inline\">\n\t\t\t<div class=\"elementor-video\"><\/div>\t\t<\/div>\n\t\t\t\t\t\t<\/div>\n\t\t\t\t\t<\/div>\n\t\t\t\t<\/div>\n\t\t<div class=\"elementor-element elementor-element-086dc99 e-flex e-con-boxed e-con e-parent\" data-id=\"086dc99\" data-element_type=\"container\" data-e-type=\"container\" data-settings=\"{&quot;background_background&quot;:&quot;video&quot;}\">\n\t\t\t\t\t<div class=\"e-con-inner\">\n\t\t\t\t<div class=\"elementor-element elementor-element-913be4b elementor-widget elementor-widget-video\" data-id=\"913be4b\" data-element_type=\"widget\" data-e-type=\"widget\" data-settings=\"{&quot;youtube_url&quot;:&quot;https:\\\/\\\/www.youtube.com\\\/watch?v=Gz4EpGK7ePs&amp;t=28s&quot;,&quot;video_type&quot;:&quot;youtube&quot;,&quot;controls&quot;:&quot;yes&quot;}\" data-widget_type=\"video.default\">\n\t\t\t\t\t\t\t<div class=\"elementor-wrapper elementor-open-inline\">\n\t\t\t<div class=\"elementor-video\"><\/div>\t\t<\/div>\n\t\t\t\t\t\t<\/div>\n\t\t\t\t\t<\/div>\n\t\t\t\t<\/div>\n\t\t<div class=\"elementor-element elementor-element-68ca773 e-flex e-con-boxed e-con e-parent\" data-id=\"68ca773\" data-element_type=\"container\" data-e-type=\"container\" data-settings=\"{&quot;background_background&quot;:&quot;classic&quot;}\">\n\t\t\t\t\t<div class=\"e-con-inner\">\n\t\t<div class=\"elementor-element elementor-element-5f41a01 e-con-full e-flex e-con e-child\" data-id=\"5f41a01\" data-element_type=\"container\" data-e-type=\"container\">\n\t\t\t\t<div class=\"elementor-element elementor-element-4544b4f elementor-widget elementor-widget-video\" data-id=\"4544b4f\" data-element_type=\"widget\" data-e-type=\"widget\" data-settings=\"{&quot;video_type&quot;:&quot;hosted&quot;,&quot;controls&quot;:&quot;yes&quot;}\" data-widget_type=\"video.default\">\n\t\t\t\t\t\t\t<div class=\"e-hosted-video elementor-wrapper elementor-open-inline\">\n\t\t\t\t\t<video class=\"elementor-video\" src=\"http:\/\/www.animaumbra.pl\/wp-content\/uploads\/2024\/04\/Anima_zycie_lyrics.mp4\" controls=\"\" preload=\"metadata\" controlsList=\"nodownload\"><\/video>\n\t\t\t\t<\/div>\n\t\t\t\t\t\t<\/div>\n\t\t\t\t<\/div>\n\t\t<div class=\"elementor-element elementor-element-ca047e2 e-con-full e-flex e-con e-child\" data-id=\"ca047e2\" data-element_type=\"container\" data-e-type=\"container\">\n\t\t\t\t<div class=\"elementor-element elementor-element-eeba2e9 elementor-widget elementor-widget-heading\" data-id=\"eeba2e9\" data-element_type=\"widget\" data-e-type=\"widget\" data-widget_type=\"heading.default\">\n\t\t\t\t\t<h2 class=\"elementor-heading-title elementor-size-default\">\"\u017bycie\"\nLyric video<\/h2>\t\t\t\t<\/div>\n\t\t\t\t<div class=\"elementor-element elementor-element-74daa8a elementor-widget elementor-widget-text-editor\" data-id=\"74daa8a\" data-element_type=\"widget\" data-e-type=\"widget\" data-widget_type=\"text-editor.default\">\n\t\t\t\t\t\t\t\t\t<p class=\"has-text-align-center has-contrast-2-color has-text-color has-link-color wp-elements-9b4e00120d5c2aaa2832c9b7afec3d6d\"><em>&#8222;Budzisz si\u0119 bo noc nie pozwoli zasn\u0105\u0107 ci.<\/em><\/p><p class=\"has-text-align-center has-contrast-2-color has-text-color has-link-color wp-elements-4437c3d3730faf449e4c6402b832c964\"><em>Patrzysz w wielk\u0105 ciemno\u015b\u0107 i ju\u017c wiesz, \u017ce musisz i\u015b\u0107.<\/em><\/p><p class=\"has-text-align-center has-contrast-2-color has-text-color has-link-color wp-elements-fdafc18140cdb87ae519f95b1a9788f0\"><em>Pola, \u0142\u0105ki, lasy nie przeszkodz\u0105 w niczym ci.<\/em><\/p><p class=\"has-text-align-center has-contrast-2-color has-text-color has-link-color wp-elements-fb829a29ff7ca98c4c033c7b6b9a8834\"><em>Nie przeszkodz\u0105 w twym \u015bpiewie do nieba,<\/em><\/p><p class=\"has-text-align-center has-contrast-2-color has-text-color has-link-color wp-elements-8c3b5541632fe3f9f3c641e18c58dac4\"><em>nie przeszkodz\u0105 \u015bpiewa\u0107 ci&#8230;&#8221;<\/em><\/p>\t\t\t\t\t\t\t\t<\/div>\n\t\t\t\t<\/div>\n\t\t\t\t\t<\/div>\n\t\t\t\t<\/div>\n\t\t\t\t<\/div>\n\t\t","protected":false},"excerpt":{"rendered":"<p>https:\/\/www.youtube.com\/watch?v=ckPU6caZ1oohttps:\/\/www.youtube.com\/watch?v=DK3hkdrXAfA&#038;t=210shttps:\/\/www.youtube.com\/watch?v=36KjBGhOxyAhttps:\/\/www.youtube.com\/watch?v=QFAt_P76ds0&#038;t=79shttps:\/\/www.youtube.com\/watch?v=GalUoshL4Wchttps:\/\/www.youtube.com\/watch?v=Gz4EpGK7ePs&#038;t=28shttp:\/\/www.animaumbra.pl\/wp-content\/uploads\/2024\/04\/Anima_zycie_lyrics.mp4 &#8222;\u017bycie&#8221; Lyric video &#8222;Budzisz si\u0119 bo noc nie pozwoli zasn\u0105\u0107 ci. Patrzysz w wielk\u0105 ciemno\u015b\u0107 i ju\u017c wiesz, \u017ce musisz i\u015b\u0107. Pola, \u0142\u0105ki, lasy nie przeszkodz\u0105 w niczym ci. Nie przeszkodz\u0105 w twym \u015bpiewie do nieba, nie przeszkodz\u0105 \u015bpiewa\u0107 ci&#8230;&#8221;<\/p>\n","protected":false},"author":1,"featured_media":0,"parent":0,"menu_order":0,"comment_status":"closed","ping_status":"closed","template":"","meta":{"ngg_post_thumbnail":0,"footnotes":""},"class_list":["post-1474","page","type-page","status-publish","hentry"],"_links":{"self":[{"href":"https:\/\/www.animaumbra.pl\/index.php\/wp-json\/wp\/v2\/pages\/1474","targetHints":{"allow":["GET"]}}],"collection":[{"href":"https:\/\/www.animaumbra.pl\/index.php\/wp-json\/wp\/v2\/pages"}],"about":[{"href":"https:\/\/www.animaumbra.pl\/index.php\/wp-json\/wp\/v2\/types\/page"}],"author":[{"embeddable":true,"href":"https:\/\/www.animaumbra.pl\/index.php\/wp-json\/wp\/v2\/users\/1"}],"replies":[{"embeddable":true,"href":"https:\/\/www.animaumbra.pl\/index.php\/wp-json\/wp\/v2\/comments?post=1474"}],"version-history":[{"count":82,"href":"https:\/\/www.animaumbra.pl\/index.php\/wp-json\/wp\/v2\/pages\/1474\/revisions"}],"predecessor-version":[{"id":3127,"href":"https:\/\/www.animaumbra.pl\/index.php\/wp-json\/wp\/v2\/pages\/1474\/revisions\/3127"}],"wp:attachment":[{"href":"https:\/\/www.animaumbra.pl\/index.php\/wp-json\/wp\/v2\/media?parent=1474"}],"curies":[{"name":"wp","href":"https:\/\/api.w.org\/{rel}","templated":true}]}}