{"id":1470,"date":"2026-01-20T12:57:08","date_gmt":"2026-01-20T12:57:08","guid":{"rendered":"https:\/\/www.animaumbra.pl\/index.php\/o-nas-2\/"},"modified":"2026-03-03T15:58:56","modified_gmt":"2026-03-03T15:58:56","slug":"o-nas-2","status":"publish","type":"page","link":"https:\/\/www.animaumbra.pl\/index.php\/o-nas-2\/","title":{"rendered":"O nas"},"content":{"rendered":"\t\t<div data-elementor-type=\"wp-page\" data-elementor-id=\"1470\" class=\"elementor elementor-1470\">\n\t\t\t\t<div class=\"elementor-element elementor-element-9fc3676 e-flex e-con-boxed e-con e-parent\" data-id=\"9fc3676\" data-element_type=\"container\" data-e-type=\"container\" data-settings=\"{&quot;background_background&quot;:&quot;video&quot;,&quot;background_video_link&quot;:&quot;https:\\\/\\\/www.youtube.com\\\/watch?v=3k4Az1Lhyk8&quot;,&quot;background_video_end&quot;:65,&quot;background_play_on_mobile&quot;:&quot;yes&quot;}\">\n\t\t\t\t\t<div class=\"e-con-inner\">\n\t\t<div class=\"elementor-background-video-container\">\n\t\t\t\t\t\t\t<div class=\"elementor-background-video-embed\" role=\"presentation\"><\/div>\n\t\t\t\t\t\t<\/div><div class=\"elementor-element elementor-element-569a268 e-con-full e-flex e-con e-child\" data-id=\"569a268\" data-element_type=\"container\" data-e-type=\"container\">\n\t\t\t\t<div class=\"elementor-element elementor-element-0b27f51 elementor-widget elementor-widget-text-editor\" data-id=\"0b27f51\" data-element_type=\"widget\" data-e-type=\"widget\" data-widget_type=\"text-editor.default\">\n\t\t\t\t\t\t\t\t\t<pre class=\"has-text-align-center has-contrast-2-color has-text-color has-link-color wp-elements-f865a4230b23b8fedc23662ed94f187e\"><em>\"K\u0142amstwo \u2013 by osi\u0105gn\u0105\u0107 cel.<\/em><br \/><em>Zawi\u015b\u0107 \u2013 aby nie zabrak\u0142o jej.<\/em><br \/><em>Musisz podarowa\u0107 krew by w pakcie z\u0142\u0105czy\u0107 z Wielkim si\u0119.\"<\/em><\/pre>\t\t\t\t\t\t\t\t<\/div>\n\t\t\t\t<\/div>\n\t\t\t\t\t<\/div>\n\t\t\t\t<\/div>\n\t\t<div class=\"elementor-element elementor-element-8a2a686 e-flex e-con-boxed e-con e-parent\" data-id=\"8a2a686\" data-element_type=\"container\" data-e-type=\"container\">\n\t\t\t\t\t<div class=\"e-con-inner\">\n\t\t<div class=\"elementor-element elementor-element-d349b19 e-con-full e-flex e-con e-child\" data-id=\"d349b19\" data-element_type=\"container\" data-e-type=\"container\">\n\t\t\t\t<div class=\"elementor-element elementor-element-bde4be3 elementor-widget elementor-widget-heading\" data-id=\"bde4be3\" data-element_type=\"widget\" data-e-type=\"widget\" data-widget_type=\"heading.default\">\n\t\t\t\t\t<h2 class=\"elementor-heading-title elementor-size-default\">Odkryj nasze<br>inspiracje<\/h2>\t\t\t\t<\/div>\n\t\t\t\t<\/div>\n\t\t<div class=\"elementor-element elementor-element-d739f19 e-con-full e-flex e-con e-child\" data-id=\"d739f19\" data-element_type=\"container\" data-e-type=\"container\">\n\t\t\t\t<div class=\"elementor-element elementor-element-b6eb8ce elementor-widget elementor-widget-text-editor\" data-id=\"b6eb8ce\" data-element_type=\"widget\" data-e-type=\"widget\" data-widget_type=\"text-editor.default\">\n\t\t\t\t\t\t\t\t\t<p><\/p><p class=\"has-text-align-center\">Anima Umbra &#8211; artrock\/metal\/gothic<\/p><p> <\/p><p class=\"has-text-align-center\">Gitarowe riffy, podrasowane pot\u0119\u017cnymi uderzeniami w b\u0119bny wprowadzaj\u0105 w atmosfer\u0119 mroku i nostalgii. Melodyjne wstawki gitar docieraj\u0105 do odm\u0119t\u00f3w duszy, a ca\u0142o\u015b\u0107 dope\u0142nia kobiecy wokal, kt\u00f3ry nacechowany jest wszystkimi stanami emocjonalnymi &#8211; od szcz\u0119\u015bcia, przez smutek, do szale\u0144stwa. Teksty w tematyce egzystencjalnej dodatkowo oddaj\u0105 charakter muzycznej tre\u015bci.<\/p><p><\/p>\t\t\t\t\t\t\t\t<\/div>\n\t\t<div class=\"elementor-element elementor-element-ac76ed9 e-con-full e-flex e-con e-child\" data-id=\"ac76ed9\" data-element_type=\"container\" data-e-type=\"container\">\n\t\t\t\t<div class=\"elementor-element elementor-element-d602af9 elementor-widget elementor-widget-icon-box\" data-id=\"d602af9\" data-element_type=\"widget\" data-e-type=\"widget\" data-widget_type=\"icon-box.default\">\n\t\t\t\t\t\t\t<div class=\"elementor-icon-box-wrapper\">\n\n\t\t\t\n\t\t\t\t\t\t<div class=\"elementor-icon-box-content\">\n\n\t\t\t\t\t\t\t\t\t<h3 class=\"elementor-icon-box-title\">\n\t\t\t\t\t\t<span  >\n\t\t\t\t\t\t\tWczesne dni\t\t\t\t\t\t<\/span>\n\t\t\t\t\t<\/h3>\n\t\t\t\t\n\t\t\t\t\t\t\t\t\t<p class=\"elementor-icon-box-description\">\n\t\t\t\t\t\tPierwsze kroki stawiali\u015bmy z niepewno\u015bci\u0105, ale i niewiarygodnym zapa\u0142em. Ka\u017cdy d\u017awi\u0119k, kt\u00f3ry tworzyli\u015bmy w zaciszu naszych ma\u0142ych sal pr\u00f3b, zbli\u017ca\u0142 nas do celu \u2014 stworzenia muzyki, kt\u00f3ra poruszy serca.\t\t\t\t\t<\/p>\n\t\t\t\t\n\t\t\t<\/div>\n\t\t\t\n\t\t<\/div>\n\t\t\t\t\t\t<\/div>\n\t\t\t\t<div class=\"elementor-element elementor-element-6c070a2 elementor-widget elementor-widget-icon-box\" data-id=\"6c070a2\" data-element_type=\"widget\" data-e-type=\"widget\" data-widget_type=\"icon-box.default\">\n\t\t\t\t\t\t\t<div class=\"elementor-icon-box-wrapper\">\n\n\t\t\t\n\t\t\t\t\t\t<div class=\"elementor-icon-box-content\">\n\n\t\t\t\t\t\t\t\t\t<h3 class=\"elementor-icon-box-title\">\n\t\t\t\t\t\t<span  >\n\t\t\t\t\t\t\tInspiracje\t\t\t\t\t\t<\/span>\n\t\t\t\t\t<\/h3>\n\t\t\t\t\n\t\t\t\t\t\t\t\t\t<p class=\"elementor-icon-box-description\">\n\t\t\t\t\t\tOtaczaj\u0105 nas mroczne opowie\u015bci, tajemniczy obrazy i emocje. Te elementy stanowi\u0105 \u017ar\u00f3d\u0142o naszych kompozycji, zamieniaj\u0105c osobiste prze\u017cycia w muzyczne historie, kt\u00f3re chcemy dzieli\u0107 ze \u015bwiatem.\t\t\t\t\t<\/p>\n\t\t\t\t\n\t\t\t<\/div>\n\t\t\t\n\t\t<\/div>\n\t\t\t\t\t\t<\/div>\n\t\t\t\t<\/div>\n\t\t\t\t<\/div>\n\t\t\t\t\t<\/div>\n\t\t\t\t<\/div>\n\t\t<div class=\"elementor-element elementor-element-4f447f0 e-flex e-con-boxed e-con e-parent\" data-id=\"4f447f0\" data-element_type=\"container\" data-e-type=\"container\">\n\t\t\t\t\t<div class=\"e-con-inner\">\n\t\t<div class=\"elementor-element elementor-element-a06adba e-con-full e-flex e-con e-child\" data-id=\"a06adba\" data-element_type=\"container\" data-e-type=\"container\">\n\t\t\t\t<div class=\"elementor-element elementor-element-49aec59 elementor-widget elementor-widget-image\" data-id=\"49aec59\" data-element_type=\"widget\" data-e-type=\"widget\" data-widget_type=\"image.default\">\n\t\t\t\t\t\t\t\t\t\t\t\t\t\t\t<img fetchpriority=\"high\" decoding=\"async\" width=\"2560\" height=\"1707\" src=\"https:\/\/www.animaumbra.pl\/wp-content\/uploads\/2025\/10\/IMG_9132-scaled.jpg\" class=\"attachment-full size-full wp-image-1352\" alt=\"\" srcset=\"https:\/\/www.animaumbra.pl\/wp-content\/uploads\/2025\/10\/IMG_9132-scaled.jpg 2560w, https:\/\/www.animaumbra.pl\/wp-content\/uploads\/2025\/10\/IMG_9132-300x200.jpg 300w, https:\/\/www.animaumbra.pl\/wp-content\/uploads\/2025\/10\/IMG_9132-1024x683.jpg 1024w, https:\/\/www.animaumbra.pl\/wp-content\/uploads\/2025\/10\/IMG_9132-768x512.jpg 768w, https:\/\/www.animaumbra.pl\/wp-content\/uploads\/2025\/10\/IMG_9132-1536x1024.jpg 1536w, https:\/\/www.animaumbra.pl\/wp-content\/uploads\/2025\/10\/IMG_9132-2048x1365.jpg 2048w\" sizes=\"(max-width: 2560px) 100vw, 2560px\" \/>\t\t\t\t\t\t\t\t\t\t\t\t\t\t\t<\/div>\n\t\t\t\t<\/div>\n\t\t\t\t\t<\/div>\n\t\t\t\t<\/div>\n\t\t<div class=\"elementor-element elementor-element-9bd9754 e-grid e-con-boxed e-con e-parent\" data-id=\"9bd9754\" data-element_type=\"container\" data-e-type=\"container\">\n\t\t\t\t\t<div class=\"e-con-inner\">\n\t\t\t\t<div class=\"elementor-element elementor-element-b8864c9 elementor-widget elementor-widget-image\" data-id=\"b8864c9\" data-element_type=\"widget\" data-e-type=\"widget\" data-widget_type=\"image.default\">\n\t\t\t\t\t\t\t\t\t\t\t\t\t\t\t<img decoding=\"async\" width=\"300\" height=\"64\" src=\"https:\/\/www.animaumbra.pl\/wp-content\/uploads\/2024\/05\/anima_napis-przezroczyste-300x64.png\" class=\"attachment-medium size-medium wp-image-248\" alt=\"\" srcset=\"https:\/\/www.animaumbra.pl\/wp-content\/uploads\/2024\/05\/anima_napis-przezroczyste-300x64.png 300w, https:\/\/www.animaumbra.pl\/wp-content\/uploads\/2024\/05\/anima_napis-przezroczyste-1024x219.png 1024w, https:\/\/www.animaumbra.pl\/wp-content\/uploads\/2024\/05\/anima_napis-przezroczyste-768x165.png 768w, https:\/\/www.animaumbra.pl\/wp-content\/uploads\/2024\/05\/anima_napis-przezroczyste-e1715114497139.png 933w\" sizes=\"(max-width: 300px) 100vw, 300px\" \/>\t\t\t\t\t\t\t\t\t\t\t\t\t\t\t<\/div>\n\t\t\t\t<div class=\"elementor-element elementor-element-ce1ecc8 elementor-widget elementor-widget-text-editor\" data-id=\"ce1ecc8\" data-element_type=\"widget\" data-e-type=\"widget\" data-widget_type=\"text-editor.default\">\n\t\t\t\t\t\t\t\t\t<p>w sk\u0142adzie<\/p>\t\t\t\t\t\t\t\t<\/div>\n\t\t\t\t\t<\/div>\n\t\t\t\t<\/div>\n\t\t<div class=\"elementor-element elementor-element-c1d1039 e-flex e-con-boxed e-con e-parent\" data-id=\"c1d1039\" data-element_type=\"container\" data-e-type=\"container\">\n\t\t\t\t\t<div class=\"e-con-inner\">\n\t\t<div class=\"elementor-element elementor-element-468e02e e-con-full e-flex e-con e-child\" data-id=\"468e02e\" data-element_type=\"container\" data-e-type=\"container\">\n\t\t\t\t<div class=\"elementor-element elementor-element-d4c50d7 elementor-widget-tablet__width-initial elementor-widget-mobile__width-inherit elementor-widget__width-initial elementor-position-top elementor-widget elementor-widget-image-box\" data-id=\"d4c50d7\" data-element_type=\"widget\" data-e-type=\"widget\" data-widget_type=\"image-box.default\">\n\t\t\t\t\t<div class=\"elementor-image-box-wrapper\"><figure class=\"elementor-image-box-img\"><img decoding=\"async\" width=\"1667\" height=\"2500\" src=\"https:\/\/www.animaumbra.pl\/wp-content\/uploads\/2024\/10\/IMG_6057.jpg\" class=\"attachment-full size-full wp-image-461\" alt=\"\" srcset=\"https:\/\/www.animaumbra.pl\/wp-content\/uploads\/2024\/10\/IMG_6057.jpg 1667w, https:\/\/www.animaumbra.pl\/wp-content\/uploads\/2024\/10\/IMG_6057-200x300.jpg 200w, https:\/\/www.animaumbra.pl\/wp-content\/uploads\/2024\/10\/IMG_6057-683x1024.jpg 683w, https:\/\/www.animaumbra.pl\/wp-content\/uploads\/2024\/10\/IMG_6057-768x1152.jpg 768w, https:\/\/www.animaumbra.pl\/wp-content\/uploads\/2024\/10\/IMG_6057-1024x1536.jpg 1024w, https:\/\/www.animaumbra.pl\/wp-content\/uploads\/2024\/10\/IMG_6057-1366x2048.jpg 1366w\" sizes=\"(max-width: 1667px) 100vw, 1667px\" \/><\/figure><div class=\"elementor-image-box-content\"><h4 class=\"elementor-image-box-title\">Anna<\/h4><p class=\"elementor-image-box-description\">Wokalistka<\/p><\/div><\/div>\t\t\t\t<\/div>\n\t\t\t\t<div class=\"elementor-element elementor-element-c2d484a elementor-widget-tablet__width-initial elementor-widget-mobile__width-inherit elementor-widget__width-initial elementor-position-top elementor-widget elementor-widget-image-box\" data-id=\"c2d484a\" data-element_type=\"widget\" data-e-type=\"widget\" data-widget_type=\"image-box.default\">\n\t\t\t\t\t<div class=\"elementor-image-box-wrapper\"><figure class=\"elementor-image-box-img\"><img loading=\"lazy\" decoding=\"async\" width=\"1667\" height=\"2500\" src=\"https:\/\/www.animaumbra.pl\/wp-content\/uploads\/2024\/10\/IMG_6208.jpg\" class=\"attachment-full size-full wp-image-466\" alt=\"\" srcset=\"https:\/\/www.animaumbra.pl\/wp-content\/uploads\/2024\/10\/IMG_6208.jpg 1667w, https:\/\/www.animaumbra.pl\/wp-content\/uploads\/2024\/10\/IMG_6208-200x300.jpg 200w, https:\/\/www.animaumbra.pl\/wp-content\/uploads\/2024\/10\/IMG_6208-683x1024.jpg 683w, https:\/\/www.animaumbra.pl\/wp-content\/uploads\/2024\/10\/IMG_6208-768x1152.jpg 768w, https:\/\/www.animaumbra.pl\/wp-content\/uploads\/2024\/10\/IMG_6208-1024x1536.jpg 1024w, https:\/\/www.animaumbra.pl\/wp-content\/uploads\/2024\/10\/IMG_6208-1366x2048.jpg 1366w\" sizes=\"(max-width: 1667px) 100vw, 1667px\" \/><\/figure><div class=\"elementor-image-box-content\"><h4 class=\"elementor-image-box-title\">Olek<\/h4><p class=\"elementor-image-box-description\">Basista<\/p><\/div><\/div>\t\t\t\t<\/div>\n\t\t\t\t<div class=\"elementor-element elementor-element-115d980 elementor-widget-tablet__width-initial elementor-widget-mobile__width-inherit elementor-widget__width-initial elementor-position-top elementor-widget elementor-widget-image-box\" data-id=\"115d980\" data-element_type=\"widget\" data-e-type=\"widget\" data-widget_type=\"image-box.default\">\n\t\t\t\t\t<div class=\"elementor-image-box-wrapper\"><figure class=\"elementor-image-box-img\"><img loading=\"lazy\" decoding=\"async\" width=\"1667\" height=\"2500\" src=\"https:\/\/www.animaumbra.pl\/wp-content\/uploads\/2024\/10\/IMG_6230.jpg\" class=\"attachment-full size-full wp-image-467\" alt=\"\" srcset=\"https:\/\/www.animaumbra.pl\/wp-content\/uploads\/2024\/10\/IMG_6230.jpg 1667w, https:\/\/www.animaumbra.pl\/wp-content\/uploads\/2024\/10\/IMG_6230-200x300.jpg 200w, https:\/\/www.animaumbra.pl\/wp-content\/uploads\/2024\/10\/IMG_6230-683x1024.jpg 683w, https:\/\/www.animaumbra.pl\/wp-content\/uploads\/2024\/10\/IMG_6230-768x1152.jpg 768w, https:\/\/www.animaumbra.pl\/wp-content\/uploads\/2024\/10\/IMG_6230-1024x1536.jpg 1024w, https:\/\/www.animaumbra.pl\/wp-content\/uploads\/2024\/10\/IMG_6230-1366x2048.jpg 1366w\" sizes=\"(max-width: 1667px) 100vw, 1667px\" \/><\/figure><div class=\"elementor-image-box-content\"><h4 class=\"elementor-image-box-title\">Andrzej<\/h4><p class=\"elementor-image-box-description\">Gitarzysta<\/p><\/div><\/div>\t\t\t\t<\/div>\n\t\t\t\t<div class=\"elementor-element elementor-element-68e1857 elementor-widget-tablet__width-initial elementor-widget-mobile__width-inherit elementor-widget__width-initial elementor-position-top elementor-widget elementor-widget-image-box\" data-id=\"68e1857\" data-element_type=\"widget\" data-e-type=\"widget\" data-widget_type=\"image-box.default\">\n\t\t\t\t\t<div class=\"elementor-image-box-wrapper\"><figure class=\"elementor-image-box-img\"><img loading=\"lazy\" decoding=\"async\" width=\"1667\" height=\"2500\" src=\"https:\/\/www.animaumbra.pl\/wp-content\/uploads\/2024\/10\/IMG_6308.jpg\" class=\"attachment-full size-full wp-image-471\" alt=\"\" srcset=\"https:\/\/www.animaumbra.pl\/wp-content\/uploads\/2024\/10\/IMG_6308.jpg 1667w, https:\/\/www.animaumbra.pl\/wp-content\/uploads\/2024\/10\/IMG_6308-200x300.jpg 200w, https:\/\/www.animaumbra.pl\/wp-content\/uploads\/2024\/10\/IMG_6308-683x1024.jpg 683w, https:\/\/www.animaumbra.pl\/wp-content\/uploads\/2024\/10\/IMG_6308-768x1152.jpg 768w, https:\/\/www.animaumbra.pl\/wp-content\/uploads\/2024\/10\/IMG_6308-1024x1536.jpg 1024w, https:\/\/www.animaumbra.pl\/wp-content\/uploads\/2024\/10\/IMG_6308-1366x2048.jpg 1366w\" sizes=\"(max-width: 1667px) 100vw, 1667px\" \/><\/figure><div class=\"elementor-image-box-content\"><h4 class=\"elementor-image-box-title\">Nawaf<\/h4><p class=\"elementor-image-box-description\">Gitarzysta<\/p><\/div><\/div>\t\t\t\t<\/div>\n\t\t\t\t<div class=\"elementor-element elementor-element-2efb85f elementor-widget-tablet__width-initial elementor-widget-mobile__width-inherit elementor-widget__width-initial elementor-position-top elementor-widget elementor-widget-image-box\" data-id=\"2efb85f\" data-element_type=\"widget\" data-e-type=\"widget\" data-widget_type=\"image-box.default\">\n\t\t\t\t\t<div class=\"elementor-image-box-wrapper\"><figure class=\"elementor-image-box-img\"><img loading=\"lazy\" decoding=\"async\" width=\"1667\" height=\"2500\" src=\"https:\/\/www.animaumbra.pl\/wp-content\/uploads\/2024\/10\/IMG_6273.jpg\" class=\"attachment-full size-full wp-image-469\" alt=\"\" srcset=\"https:\/\/www.animaumbra.pl\/wp-content\/uploads\/2024\/10\/IMG_6273.jpg 1667w, https:\/\/www.animaumbra.pl\/wp-content\/uploads\/2024\/10\/IMG_6273-200x300.jpg 200w, https:\/\/www.animaumbra.pl\/wp-content\/uploads\/2024\/10\/IMG_6273-683x1024.jpg 683w, https:\/\/www.animaumbra.pl\/wp-content\/uploads\/2024\/10\/IMG_6273-768x1152.jpg 768w, https:\/\/www.animaumbra.pl\/wp-content\/uploads\/2024\/10\/IMG_6273-1024x1536.jpg 1024w, https:\/\/www.animaumbra.pl\/wp-content\/uploads\/2024\/10\/IMG_6273-1366x2048.jpg 1366w\" sizes=\"(max-width: 1667px) 100vw, 1667px\" \/><\/figure><div class=\"elementor-image-box-content\"><h4 class=\"elementor-image-box-title\">Marcin<\/h4><p class=\"elementor-image-box-description\">Perkusista<\/p><\/div><\/div>\t\t\t\t<\/div>\n\t\t\t\t<div class=\"elementor-element elementor-element-09457cf elementor-widget-tablet__width-initial elementor-widget-mobile__width-inherit elementor-widget__width-initial elementor-position-top elementor-widget elementor-widget-image-box\" data-id=\"09457cf\" data-element_type=\"widget\" data-e-type=\"widget\" data-widget_type=\"image-box.default\">\n\t\t\t\t\t<div class=\"elementor-image-box-wrapper\"><figure class=\"elementor-image-box-img\"><img loading=\"lazy\" decoding=\"async\" width=\"255\" height=\"386\" src=\"https:\/\/www.animaumbra.pl\/wp-content\/uploads\/2024\/10\/piano_forest.jpg\" class=\"attachment-full size-full wp-image-484\" alt=\"\" srcset=\"https:\/\/www.animaumbra.pl\/wp-content\/uploads\/2024\/10\/piano_forest.jpg 255w, https:\/\/www.animaumbra.pl\/wp-content\/uploads\/2024\/10\/piano_forest-198x300.jpg 198w\" sizes=\"(max-width: 255px) 100vw, 255px\" \/><\/figure><div class=\"elementor-image-box-content\"><h4 class=\"elementor-image-box-title\">Adam<\/h4><p class=\"elementor-image-box-description\">Klawiszowiec<\/p><\/div><\/div>\t\t\t\t<\/div>\n\t\t\t\t<\/div>\n\t\t\t\t\t<\/div>\n\t\t\t\t<\/div>\n\t\t\t\t<\/div>\n\t\t","protected":false},"excerpt":{"rendered":"<p>&#8222;K\u0142amstwo \u2013 by osi\u0105gn\u0105\u0107 cel.Zawi\u015b\u0107 \u2013 aby nie zabrak\u0142o jej.Musisz podarowa\u0107 krew by w pakcie z\u0142\u0105czy\u0107 z Wielkim si\u0119.&#8221; Odkryj naszeinspiracje Anima Umbra &#8211; artrock\/metal\/gothic Gitarowe riffy, podrasowane pot\u0119\u017cnymi uderzeniami w b\u0119bny wprowadzaj\u0105 w atmosfer\u0119 mroku i nostalgii. Melodyjne wstawki gitar docieraj\u0105 do odm\u0119t\u00f3w duszy, a ca\u0142o\u015b\u0107 dope\u0142nia kobiecy wokal, kt\u00f3ry nacechowany jest wszystkimi stanami [&hellip;]<\/p>\n","protected":false},"author":1,"featured_media":0,"parent":0,"menu_order":0,"comment_status":"closed","ping_status":"closed","template":"","meta":{"ngg_post_thumbnail":0,"footnotes":""},"class_list":["post-1470","page","type-page","status-publish","hentry"],"_links":{"self":[{"href":"https:\/\/www.animaumbra.pl\/index.php\/wp-json\/wp\/v2\/pages\/1470","targetHints":{"allow":["GET"]}}],"collection":[{"href":"https:\/\/www.animaumbra.pl\/index.php\/wp-json\/wp\/v2\/pages"}],"about":[{"href":"https:\/\/www.animaumbra.pl\/index.php\/wp-json\/wp\/v2\/types\/page"}],"author":[{"embeddable":true,"href":"https:\/\/www.animaumbra.pl\/index.php\/wp-json\/wp\/v2\/users\/1"}],"replies":[{"embeddable":true,"href":"https:\/\/www.animaumbra.pl\/index.php\/wp-json\/wp\/v2\/comments?post=1470"}],"version-history":[{"count":100,"href":"https:\/\/www.animaumbra.pl\/index.php\/wp-json\/wp\/v2\/pages\/1470\/revisions"}],"predecessor-version":[{"id":2903,"href":"https:\/\/www.animaumbra.pl\/index.php\/wp-json\/wp\/v2\/pages\/1470\/revisions\/2903"}],"wp:attachment":[{"href":"https:\/\/www.animaumbra.pl\/index.php\/wp-json\/wp\/v2\/media?parent=1470"}],"curies":[{"name":"wp","href":"https:\/\/api.w.org\/{rel}","templated":true}]}}